{"id":72,"date":"2025-02-02T23:17:25","date_gmt":"2025-02-02T23:17:25","guid":{"rendered":"https:\/\/1xbetalgeria.com\/fr\/?page_id=72"},"modified":"2025-02-02T23:23:14","modified_gmt":"2025-02-02T23:23:14","slug":"assistance","status":"publish","type":"page","link":"https:\/\/1xbetalgeria.com\/fr\/assistance\/","title":{"rendered":"Assistance"},"content":{"rendered":"\n<div class=\"wp-block-columns alignfull has-ast-global-color-5-color has-text-color has-background is-layout-flex wp-container-core-columns-is-layout-28f84493 wp-block-columns-is-layout-flex\" style=\"background-color:#00304b\">\n<div class=\"wp-block-column is-layout-flow wp-block-column-is-layout-flow\">\n<h1 class=\"wp-block-heading has-text-align-center has-ast-global-color-5-color has-text-color\"><strong>Service Client 1xBet Alg\u00e9rie<\/strong><\/h1>\n\n\n\n<p class=\"has-text-align-center has-ast-global-color-5-color has-text-color\">Service Client 1xBet Alg\u00e9rie : Profitez d\u2019une assistance compl\u00e8te et r\u00e9active, disponible 24h\/24 et 7j\/7. Que ce soit par chat en direct, par e-mail ou par t\u00e9l\u00e9phone, notre \u00e9quipe d\u00e9vou\u00e9e vous accompagne pour r\u00e9pondre \u00e0 toutes vos questions et r\u00e9soudre rapidement vos \u00e9ventuels probl\u00e8mes. Jouez en toute confiance et misez sereinement gr\u00e2ce au soutien permanent du Service Client 1xBet !<\/p>\n\n\n\n<div class=\"wp-block-columns is-layout-flex wp-container-core-columns-is-layout-28f84493 wp-block-columns-is-layout-flex\">\n<div class=\"wp-block-column is-layout-flow wp-block-column-is-layout-flow\">\n<div class=\"wp-block-buttons is-content-justification-center is-layout-flex wp-container-core-buttons-is-layout-a89b3969 wp-block-buttons-is-layout-flex\">\n<div class=\"wp-block-button has-custom-width wp-block-button__width-25 x-button\"><a class=\"wp-block-button__link has-background wp-element-button\" style=\"border-radius:3px;background-color:#6fab39\">T\u00e9l\u00e9charger<\/a><\/div>\n\n\n\n<div class=\"wp-block-button has-custom-width wp-block-button__width-25 x-button\"><a class=\"wp-block-button__link has-background wp-element-button\" style=\"border-radius:3px;background-color:#6fab39\">Inscription<\/a><\/div>\n<\/div>\n<\/div>\n<\/div>\n<\/div>\n<\/div>\n\n\n\n<p><\/p>\n\n\n\n<p>Le service client occupe une place essentielle dans l\u2019exp\u00e9rience des joueurs sur 1xBet, et les parieurs alg\u00e9riens peuvent compter sur un accompagnement de qualit\u00e9 \u00e0 chaque \u00e9tape. Disponible 24h\/24 et 7j\/7, le Service Client 1xBet Alg\u00e9rie se distingue par son professionnalisme et sa r\u00e9activit\u00e9, offrant plusieurs canaux de communication pour r\u00e9pondre rapidement aux besoins de chacun.<\/p>\n\n\n\n<h2 class=\"wp-block-heading\">Les Diff\u00e9rents Canaux De Communication<\/h2>\n\n\n\n<p>Que vous ayez une question sur la cr\u00e9ation de compte, un doute concernant un bonus ou un probl\u00e8me technique lors d\u2019un d\u00e9p\u00f4t ou d\u2019un retrait, vous pouvez solliciter l\u2019aide de l\u2019\u00e9quipe 1xBet \u00e0 tout moment. Il suffit de vous rendre sur la plateforme et de contacter le support via\u202f:<\/p>\n\n\n\n<ul class=\"wp-block-list\">\n<li><strong>Chat en direct<\/strong> : \u00e9changez instantan\u00e9ment avec un agent pour obtenir des r\u00e9ponses rapides et pr\u00e9cises.<\/li>\n\n\n\n<li><strong>E-mail<\/strong> : r\u00e9digez un message d\u00e9taill\u00e9 pour exposer clairement votre souci ; vous recevrez une r\u00e9ponse personnalis\u00e9e dans les meilleurs d\u00e9lais.<\/li>\n\n\n\n<li><strong>T\u00e9l\u00e9phone<\/strong> : si vous pr\u00e9f\u00e9rez un \u00e9change vocal, un num\u00e9ro de contact est \u00e0 votre disposition, vous permettant de clarifier la situation en direct.<\/li>\n\n\n\n<li><strong>R\u00e9seaux sociaux<\/strong> : l\u2019\u00e9quipe est \u00e9galement pr\u00e9sente sur certaines plateformes pour vous orienter ou vous donner des informations compl\u00e9mentaires.<\/li>\n<\/ul>\n\n\n\n<p>Le Service Client 1xBet Alg\u00e9rie s\u2019engage \u00e0 fournir un suivi complet sur toutes les probl\u00e9matiques que peuvent rencontrer les joueurs, qu\u2019il s\u2019agisse de l\u2019utilisation du site, de la compr\u00e9hension des r\u00e8gles de paris, de la gestion des m\u00e9thodes de paiement ou encore des proc\u00e9dures de v\u00e9rification de compte (KYC). Dans la plupart des cas, les conseillers s\u2019efforcent d\u2019apporter une solution en un minimum de temps, tout en veillant \u00e0 la s\u00e9curit\u00e9 et \u00e0 la confidentialit\u00e9 des informations partag\u00e9es.<\/p>\n\n\n\n<p>Gr\u00e2ce \u00e0 cette assistance disponible en continu, vous pouvez miser en toute s\u00e9r\u00e9nit\u00e9 sur vos sports pr\u00e9f\u00e9r\u00e9s ou d\u00e9couvrir de nouveaux jeux de casino, en sachant que vous ne serez jamais livr\u00e9 \u00e0 vous-m\u00eame face \u00e0 un \u00e9ventuel impr\u00e9vu. La disponibilit\u00e9 de l\u2019\u00e9quipe de support contribue \u00e0 la r\u00e9putation grandissante de 1xBet en Alg\u00e9rie : la plateforme a su nouer un lien de confiance solide avec ses utilisateurs en garantissant des solutions rapides et efficaces, quel que soit le souci rencontr\u00e9.<\/p>\n\n\n\n<h2 class=\"wp-block-heading\">Conclusion<\/h2>\n\n\n\n<p>En d\u00e9finitive, le Service Client 1xBet Alg\u00e9rie constitue l\u2019un des principaux piliers de la fiabilit\u00e9 de la plateforme, assurant aux joueurs un environnement s\u00e9curis\u00e9 et un accompagnement personnalis\u00e9. Qu\u2019il s\u2019agisse de r\u00e9soudre un probl\u00e8me technique, de clarifier les conditions li\u00e9es \u00e0 un bonus ou simplement de r\u00e9pondre \u00e0 une question sur le fonctionnement du site, vous pouvez compter sur une \u00e9quipe comp\u00e9tente et r\u00e9active qui place votre satisfaction au c\u0153ur de ses priorit\u00e9s. N\u2019h\u00e9sitez pas \u00e0 contacter les conseillers en cas de besoin et profitez pleinement de votre exp\u00e9rience de jeu, en toute tranquillit\u00e9. Les standards de qualit\u00e9 instaur\u00e9s par 1xBet t\u00e9moignent de l\u2019engagement continu de la plateforme \u00e0 r\u00e9pondre aux attentes des parieurs alg\u00e9riens et \u00e0 offrir une prestation optimale, \u00e0 la hauteur de vos ambitions.<\/p>\n\n\n\n<p><\/p>\n","protected":false},"excerpt":{"rendered":"<p>Service Client 1xBet Alg\u00e9rie Service Client 1xBet Alg\u00e9rie : Profitez d\u2019une assistance compl\u00e8te et r\u00e9active, disponible 24h\/24 et 7j\/7. Que [&hellip;]<\/p>\n","protected":false},"author":1,"featured_media":0,"parent":0,"menu_order":0,"comment_status":"closed","ping_status":"closed","template":"","meta":{"site-sidebar-layout":"default","site-content-layout":"","ast-site-content-layout":"","site-content-style":"default","site-sidebar-style":"default","ast-global-header-display":"","ast-banner-title-visibility":"","ast-main-header-display":"","ast-hfb-above-header-display":"","ast-hfb-below-header-display":"","ast-hfb-mobile-header-display":"","site-post-title":"disabled","ast-breadcrumbs-content":"","ast-featured-img":"","footer-sml-layout":"","ast-disable-related-posts":"","theme-transparent-header-meta":"","adv-header-id-meta":"","stick-header-meta":"","header-above-stick-meta":"","header-main-stick-meta":"","header-below-stick-meta":"","astra-migrate-meta-layouts":"default","ast-page-background-enabled":"default","ast-page-background-meta":{"desktop":{"background-color":"var(--ast-global-color-4)","background-image":"","background-repeat":"repeat","background-position":"center center","background-size":"auto","background-attachment":"scroll","background-type":"","background-media":"","overlay-type":"","overlay-color":"","overlay-opacity":"","overlay-gradient":""},"tablet":{"background-color":"","background-image":"","background-repeat":"repeat","background-position":"center center","background-size":"auto","background-attachment":"scroll","background-type":"","background-media":"","overlay-type":"","overlay-color":"","overlay-opacity":"","overlay-gradient":""},"mobile":{"background-color":"","background-image":"","background-repeat":"repeat","background-position":"center center","background-size":"auto","background-attachment":"scroll","background-type":"","background-media":"","overlay-type":"","overlay-color":"","overlay-opacity":"","overlay-gradient":""}},"ast-content-background-meta":{"desktop":{"background-color":"var(--ast-global-color-5)","background-image":"","background-repeat":"repeat","background-position":"center center","background-size":"auto","background-attachment":"scroll","background-type":"","background-media":"","overlay-type":"","overlay-color":"","overlay-opacity":"","overlay-gradient":""},"tablet":{"background-color":"var(--ast-global-color-5)","background-image":"","background-repeat":"repeat","background-position":"center center","background-size":"auto","background-attachment":"scroll","background-type":"","background-media":"","overlay-type":"","overlay-color":"","overlay-opacity":"","overlay-gradient":""},"mobile":{"background-color":"var(--ast-global-color-5)","background-image":"","background-repeat":"repeat","background-position":"center center","background-size":"auto","background-attachment":"scroll","background-type":"","background-media":"","overlay-type":"","overlay-color":"","overlay-opacity":"","overlay-gradient":""}},"footnotes":""},"class_list":["post-72","page","type-page","status-publish","hentry"],"yoast_head":"<!-- This site is optimized with the Yoast SEO plugin v27.2 - https:\/\/yoast.com\/product\/yoast-seo-wordpress\/ -->\n<title>1xBet Service Client 24\/7 Alg\u00e9rie<\/title>\n<meta name=\"robots\" content=\"index, follow, max-snippet:-1, max-image-preview:large, max-video-preview:-1\" \/>\n<link rel=\"canonical\" href=\"https:\/\/1xbetalgeria.com\/fr\/assistance\/\" \/>\n<meta property=\"og:locale\" content=\"fr_FR\" \/>\n<meta property=\"og:type\" content=\"article\" \/>\n<meta property=\"og:title\" content=\"1xBet Service Client 24\/7 Alg\u00e9rie\" \/>\n<meta property=\"og:description\" content=\"Service Client 1xBet Alg\u00e9rie Service Client 1xBet Alg\u00e9rie : Profitez d\u2019une assistance compl\u00e8te et r\u00e9active, disponible 24h\/24 et 7j\/7. Que [&hellip;]\" \/>\n<meta property=\"og:url\" content=\"https:\/\/1xbetalgeria.com\/fr\/assistance\/\" \/>\n<meta property=\"og:site_name\" content=\"FR\" \/>\n<meta property=\"article:modified_time\" content=\"2025-02-02T23:23:14+00:00\" \/>\n<meta name=\"twitter:card\" content=\"summary_large_image\" \/>\n<meta name=\"twitter:label1\" content=\"Est. reading time\" \/>\n\t<meta name=\"twitter:data1\" content=\"3 minutes\" \/>\n<script type=\"application\/ld+json\" class=\"yoast-schema-graph\">{\"@context\":\"https:\/\/schema.org\",\"@graph\":[{\"@type\":\"WebPage\",\"@id\":\"https:\/\/1xbetalgeria.com\/fr\/assistance\/\",\"url\":\"https:\/\/1xbetalgeria.com\/fr\/assistance\/\",\"name\":\"1xBet Service Client 24\/7 Alg\u00e9rie\",\"isPartOf\":{\"@id\":\"https:\/\/1xbetalgeria.com\/fr\/#website\"},\"datePublished\":\"2025-02-02T23:17:25+00:00\",\"dateModified\":\"2025-02-02T23:23:14+00:00\",\"breadcrumb\":{\"@id\":\"https:\/\/1xbetalgeria.com\/fr\/assistance\/#breadcrumb\"},\"inLanguage\":\"fr-FR\",\"potentialAction\":[{\"@type\":\"ReadAction\",\"target\":[\"https:\/\/1xbetalgeria.com\/fr\/assistance\/\"]}]},{\"@type\":\"BreadcrumbList\",\"@id\":\"https:\/\/1xbetalgeria.com\/fr\/assistance\/#breadcrumb\",\"itemListElement\":[{\"@type\":\"ListItem\",\"position\":1,\"name\":\"Home\",\"item\":\"https:\/\/1xbetalgeria.com\/fr\/\"},{\"@type\":\"ListItem\",\"position\":2,\"name\":\"Assistance\"}]},{\"@type\":\"WebSite\",\"@id\":\"https:\/\/1xbetalgeria.com\/fr\/#website\",\"url\":\"https:\/\/1xbetalgeria.com\/fr\/\",\"name\":\"FR\",\"description\":\"\",\"publisher\":{\"@id\":\"https:\/\/1xbetalgeria.com\/fr\/#organization\"},\"potentialAction\":[{\"@type\":\"SearchAction\",\"target\":{\"@type\":\"EntryPoint\",\"urlTemplate\":\"https:\/\/1xbetalgeria.com\/fr\/?s={search_term_string}\"},\"query-input\":{\"@type\":\"PropertyValueSpecification\",\"valueRequired\":true,\"valueName\":\"search_term_string\"}}],\"inLanguage\":\"fr-FR\"},{\"@type\":\"Organization\",\"@id\":\"https:\/\/1xbetalgeria.com\/fr\/#organization\",\"name\":\"FR\",\"url\":\"https:\/\/1xbetalgeria.com\/fr\/\",\"logo\":{\"@type\":\"ImageObject\",\"inLanguage\":\"fr-FR\",\"@id\":\"https:\/\/1xbetalgeria.com\/fr\/#\/schema\/logo\/image\/\",\"url\":\"https:\/\/1xbetalgeria.com\/fr\/wp-content\/uploads\/sites\/2\/2025\/01\/1xbet-logo.webp\",\"contentUrl\":\"https:\/\/1xbetalgeria.com\/fr\/wp-content\/uploads\/sites\/2\/2025\/01\/1xbet-logo.webp\",\"width\":1600,\"height\":395,\"caption\":\"FR\"},\"image\":{\"@id\":\"https:\/\/1xbetalgeria.com\/fr\/#\/schema\/logo\/image\/\"}}]}<\/script>\n<!-- \/ Yoast SEO plugin. -->","yoast_head_json":{"title":"1xBet Service Client 24\/7 Alg\u00e9rie","robots":{"index":"index","follow":"follow","max-snippet":"max-snippet:-1","max-image-preview":"max-image-preview:large","max-video-preview":"max-video-preview:-1"},"canonical":"https:\/\/1xbetalgeria.com\/fr\/assistance\/","og_locale":"fr_FR","og_type":"article","og_title":"1xBet Service Client 24\/7 Alg\u00e9rie","og_description":"Service Client 1xBet Alg\u00e9rie Service Client 1xBet Alg\u00e9rie : Profitez d\u2019une assistance compl\u00e8te et r\u00e9active, disponible 24h\/24 et 7j\/7. Que [&hellip;]","og_url":"https:\/\/1xbetalgeria.com\/fr\/assistance\/","og_site_name":"FR","article_modified_time":"2025-02-02T23:23:14+00:00","twitter_card":"summary_large_image","twitter_misc":{"Est. reading time":"3 minutes"},"schema":{"@context":"https:\/\/schema.org","@graph":[{"@type":"WebPage","@id":"https:\/\/1xbetalgeria.com\/fr\/assistance\/","url":"https:\/\/1xbetalgeria.com\/fr\/assistance\/","name":"1xBet Service Client 24\/7 Alg\u00e9rie","isPartOf":{"@id":"https:\/\/1xbetalgeria.com\/fr\/#website"},"datePublished":"2025-02-02T23:17:25+00:00","dateModified":"2025-02-02T23:23:14+00:00","breadcrumb":{"@id":"https:\/\/1xbetalgeria.com\/fr\/assistance\/#breadcrumb"},"inLanguage":"fr-FR","potentialAction":[{"@type":"ReadAction","target":["https:\/\/1xbetalgeria.com\/fr\/assistance\/"]}]},{"@type":"BreadcrumbList","@id":"https:\/\/1xbetalgeria.com\/fr\/assistance\/#breadcrumb","itemListElement":[{"@type":"ListItem","position":1,"name":"Home","item":"https:\/\/1xbetalgeria.com\/fr\/"},{"@type":"ListItem","position":2,"name":"Assistance"}]},{"@type":"WebSite","@id":"https:\/\/1xbetalgeria.com\/fr\/#website","url":"https:\/\/1xbetalgeria.com\/fr\/","name":"FR","description":"","publisher":{"@id":"https:\/\/1xbetalgeria.com\/fr\/#organization"},"potentialAction":[{"@type":"SearchAction","target":{"@type":"EntryPoint","urlTemplate":"https:\/\/1xbetalgeria.com\/fr\/?s={search_term_string}"},"query-input":{"@type":"PropertyValueSpecification","valueRequired":true,"valueName":"search_term_string"}}],"inLanguage":"fr-FR"},{"@type":"Organization","@id":"https:\/\/1xbetalgeria.com\/fr\/#organization","name":"FR","url":"https:\/\/1xbetalgeria.com\/fr\/","logo":{"@type":"ImageObject","inLanguage":"fr-FR","@id":"https:\/\/1xbetalgeria.com\/fr\/#\/schema\/logo\/image\/","url":"https:\/\/1xbetalgeria.com\/fr\/wp-content\/uploads\/sites\/2\/2025\/01\/1xbet-logo.webp","contentUrl":"https:\/\/1xbetalgeria.com\/fr\/wp-content\/uploads\/sites\/2\/2025\/01\/1xbet-logo.webp","width":1600,"height":395,"caption":"FR"},"image":{"@id":"https:\/\/1xbetalgeria.com\/fr\/#\/schema\/logo\/image\/"}}]}},"amp_enabled":true,"_links":{"self":[{"href":"https:\/\/1xbetalgeria.com\/fr\/wp-json\/wp\/v2\/pages\/72","targetHints":{"allow":["GET"]}}],"collection":[{"href":"https:\/\/1xbetalgeria.com\/fr\/wp-json\/wp\/v2\/pages"}],"about":[{"href":"https:\/\/1xbetalgeria.com\/fr\/wp-json\/wp\/v2\/types\/page"}],"author":[{"embeddable":true,"href":"https:\/\/1xbetalgeria.com\/fr\/wp-json\/wp\/v2\/users\/1"}],"replies":[{"embeddable":true,"href":"https:\/\/1xbetalgeria.com\/fr\/wp-json\/wp\/v2\/comments?post=72"}],"version-history":[{"count":4,"href":"https:\/\/1xbetalgeria.com\/fr\/wp-json\/wp\/v2\/pages\/72\/revisions"}],"predecessor-version":[{"id":78,"href":"https:\/\/1xbetalgeria.com\/fr\/wp-json\/wp\/v2\/pages\/72\/revisions\/78"}],"wp:attachment":[{"href":"https:\/\/1xbetalgeria.com\/fr\/wp-json\/wp\/v2\/media?parent=72"}],"curies":[{"name":"wp","href":"https:\/\/api.w.org\/{rel}","templated":true}]}}