{"id":56,"date":"2025-02-01T21:40:13","date_gmt":"2025-02-01T21:40:13","guid":{"rendered":"https:\/\/1xbetalgeria.com\/fr\/?page_id=56"},"modified":"2025-02-02T23:23:23","modified_gmt":"2025-02-02T23:23:23","slug":"code-promo","status":"publish","type":"page","link":"https:\/\/1xbetalgeria.com\/fr\/code-promo\/","title":{"rendered":"Code Promo"},"content":{"rendered":"\n<div class=\"wp-block-columns alignfull has-ast-global-color-5-color has-text-color has-background is-layout-flex wp-container-core-columns-is-layout-28f84493 wp-block-columns-is-layout-flex\" style=\"background-color:#00304b\">\n<div class=\"wp-block-column is-layout-flow wp-block-column-is-layout-flow\">\n<h1 class=\"wp-block-heading has-text-align-center has-ast-global-color-5-color has-text-color\"><strong>Code Promo 1xBet Alg\u00e9rie<\/strong><\/h1>\n\n\n\n<p class=\"has-text-align-center has-ast-global-color-5-color has-text-color\">Profitez des meilleures offres de paris en ligne avec le Code Promo 1xBet. En utilisant ce code exclusif lors de votre inscription, vous acc\u00e9dez \u00e0 des bonus attractifs et \u00e0 des promotions sp\u00e9ciales qui maximisent vos gains. Rejoignez d\u00e8s maintenant 1xBet Alg\u00e9rie et d\u00e9couvrez un univers de paris sportifs et de jeux de casino enrichi de r\u00e9compenses exclusives. Ne manquez pas cette opportunit\u00e9! Inscrivez-vous maintenant sur 1xBet Alg\u00e9rie, entrez votre code promo et profitez de toutes les offres exclusives disponibles !<\/p>\n\n\n\n<div class=\"wp-block-columns is-layout-flex wp-container-core-columns-is-layout-28f84493 wp-block-columns-is-layout-flex\">\n<div class=\"wp-block-column is-layout-flow wp-block-column-is-layout-flow\">\n<div class=\"wp-block-buttons is-content-justification-center is-layout-flex wp-container-core-buttons-is-layout-a89b3969 wp-block-buttons-is-layout-flex\">\n<div class=\"wp-block-button has-custom-width wp-block-button__width-25 x-button\"><a class=\"wp-block-button__link has-background wp-element-button\" style=\"border-radius:3px;background-color:#6fab39\">T\u00e9l\u00e9charger<\/a><\/div>\n\n\n\n<div class=\"wp-block-button has-custom-width wp-block-button__width-25 x-button\"><a class=\"wp-block-button__link has-background wp-element-button\" style=\"border-radius:3px;background-color:#6fab39\">Inscription<\/a><\/div>\n<\/div>\n<\/div>\n<\/div>\n<\/div>\n<\/div>\n\n\n\n<p><\/p>\n\n\n\n<p>Les codes promo et bonus 1xBet Alg\u00e9rie offrent aux joueurs une opportunit\u00e9 unique de maximiser leurs gains et de profiter pleinement de la plateforme. Que ce soit pour les paris sportifs, le casino en ligne ou les jeux en direct, ces offres sp\u00e9ciales permettent d\u2019acc\u00e9der \u00e0 des r\u00e9compenses exclusives, allant des bonus de bienvenue aux promotions r\u00e9guli\u00e8res. Gr\u00e2ce \u00e0 un Code Promo 1xBet, vous pouvez obtenir des bonus sur d\u00e9p\u00f4t, des freebets et bien d\u2019autres avantages, rendant chaque pari encore plus excitant. Dans cet article, d\u00e9couvrez les diff\u00e9rentes promotions disponibles, comment utiliser un code promo et toutes les astuces pour profiter pleinement des meilleures offres de 1xBet Alg\u00e9rie !<\/p>\n\n\n\n<h2 class=\"wp-block-heading\">Divers Bonus sur 1xBet Alg\u00e9rie<\/h2>\n\n\n\n<figure class=\"wp-block-table\"><table class=\"has-fixed-layout\"><tbody><tr><td><strong>Type de Bonus<\/strong><\/td><td><strong>Description<\/strong><\/td><td><strong>Conditions<\/strong><\/td><\/tr><tr><td><strong>Bonus de Bienvenue<\/strong><\/td><td>Bonus de 100 % sur le premier d\u00e9p\u00f4t, jusqu\u2019\u00e0 <strong>47 115 DZD<\/strong>.<\/td><td>D\u00e9p\u00f4t minimum de <strong>1 300 DZD<\/strong>, mise x5 sur des cotes de 1.40 ou plus.<\/td><\/tr><tr><td><strong>Bonus de Recharge<\/strong><\/td><td>Bonus de 25 % sur chaque d\u00e9p\u00f4t suppl\u00e9mentaire, jusqu\u2019\u00e0 <strong>15 000 DZD<\/strong>.<\/td><td>D\u00e9p\u00f4t minimum de <strong>1 000 DZD<\/strong>, bonus utilisable en paris combin\u00e9s.<\/td><\/tr><tr><td><strong>Paris Gratuits (Freebets)<\/strong><\/td><td>Obtenez jusqu\u2019\u00e0 <strong>10 000 DZD<\/strong> en freebets sur des \u00e9v\u00e9nements s\u00e9lectionn\u00e9s.<\/td><td>Valable uniquement sur certains matchs et comp\u00e9titions sp\u00e9cifiques.<\/td><\/tr><tr><td><strong>Promotions Hebdomadaires<\/strong><\/td><td>Offres sp\u00e9ciales et challenges hebdomadaires avec jusqu\u2019\u00e0 <strong>20 000 DZD<\/strong> \u00e0 gagner.<\/td><td>Les r\u00e9compenses varient selon l\u2019activit\u00e9 et les mises du joueur.<\/td><\/tr><tr><td><strong>Bonus Casino<\/strong><\/td><td>Jusqu\u2019\u00e0 150 tours gratuits et un bonus de 50 % sur les d\u00e9p\u00f4ts pour le casino.<\/td><td>D\u00e9p\u00f4t minimum de <strong>5 000 DZD<\/strong> requis pour b\u00e9n\u00e9ficier des tours gratuits.<\/td><\/tr><tr><td><strong>Cashback &amp; Programme VIP<\/strong><\/td><td>Cashback de 10 % sur les pertes hebdomadaires et acc\u00e8s aux offres VIP exclusives.<\/td><td>Les niveaux VIP d\u00e9terminent le pourcentage de cashback et les privil\u00e8ges sp\u00e9ciaux.<\/td><\/tr><\/tbody><\/table><\/figure>\n\n\n\n<h2 class=\"wp-block-heading\">Comment Utiliser un Code Promo sur 1xBet ?<\/h2>\n\n\n\n<p>L\u2019utilisation d\u2019un code promo sur 1xBet est simple et rapide. Ce code vous permet de b\u00e9n\u00e9ficier de bonus exclusifs sur vos paris sportifs ou vos jeux de casino, vous offrant ainsi plus d\u2019avantages pour maximiser vos gains.<\/p>\n\n\n\n<h4 class=\"wp-block-heading\"><strong>\u00c9tapes pour utiliser un code promo sur 1xBet<\/strong><\/h4>\n\n\n\n<p>1\ufe0f\u20e3 <strong>Cr\u00e9er un compte ou se connecter<\/strong><\/p>\n\n\n\n<ul class=\"wp-block-list\">\n<li>Si vous n\u2019avez pas encore de compte, inscrivez-vous sur 1xBet Alg\u00e9rie via le site ou l\u2019application.<\/li>\n\n\n\n<li>Si vous \u00eates d\u00e9j\u00e0 inscrit, connectez-vous \u00e0 votre compte.<\/li>\n<\/ul>\n\n\n\n<p>2\ufe0f\u20e3 <strong>Acc\u00e9der \u00e0 la section \u201cBonus &amp; Promotions\u201d<\/strong><\/p>\n\n\n\n<ul class=\"wp-block-list\">\n<li>Rendez-vous dans votre compte personnel et cherchez la rubrique d\u00e9di\u00e9e aux codes promo.<\/li>\n\n\n\n<li>Vous pouvez \u00e9galement entrer le code directement lors de l\u2019inscription si c\u2019est un code de bienvenue.<\/li>\n<\/ul>\n\n\n\n<p>3\ufe0f\u20e3 <strong>Entrer le code promo<\/strong><\/p>\n\n\n\n<ul class=\"wp-block-list\">\n<li>Saisissez le code promo 1xBet dans l\u2019espace pr\u00e9vu et validez.<\/li>\n\n\n\n<li>Assurez-vous d\u2019utiliser un code valide et actif pour b\u00e9n\u00e9ficier de l\u2019offre.<\/li>\n<\/ul>\n\n\n\n<p>4\ufe0f\u20e3 <strong>Effectuer un d\u00e9p\u00f4t (si n\u00e9cessaire)<\/strong><\/p>\n\n\n\n<ul class=\"wp-block-list\">\n<li>Certains codes n\u00e9cessitent un d\u00e9p\u00f4t minimum pour activer le bonus.<\/li>\n\n\n\n<li>Choisissez votre m\u00e9thode de paiement pr\u00e9f\u00e9r\u00e9e et effectuez votre d\u00e9p\u00f4t.<\/li>\n<\/ul>\n\n\n\n<p>5\ufe0f\u20e3 <strong>Profiter du bonus<\/strong><\/p>\n\n\n\n<ul class=\"wp-block-list\">\n<li>Une fois valid\u00e9, le bonus est cr\u00e9dit\u00e9 sur votre compte.<\/li>\n\n\n\n<li>Vous pouvez l\u2019utiliser pour parier sur le sport, jouer au casino ou participer \u00e0 des promotions sp\u00e9ciales.<\/li>\n<\/ul>\n\n\n\n<h2 class=\"wp-block-heading\">Bonus de Bienvenue 1xBet Alg\u00e9rie<\/h2>\n\n\n\n<p>Profitez du Bonus de Bienvenue 1xBet Alg\u00e9rie et commencez avec un solde boost\u00e9 ! Recevez 100 % sur votre premier d\u00e9p\u00f4t, jusqu\u2019\u00e0 47 115 DZD, et pariez sur le sport ou jouez au casino.<\/p>\n\n\n\n<h3 class=\"wp-block-heading\">D\u00e9tails du Bonus<\/h3>\n\n\n\n<ul class=\"wp-block-list\">\n<li>\ud83c\udf81 <strong>Montant<\/strong> : Jusqu\u2019\u00e0 <strong>47 115 DZD<\/strong>.<\/li>\n\n\n\n<li>\ud83d\udcb3 <strong>D\u00e9p\u00f4t minimum<\/strong> : <strong>1 300 DZD<\/strong>.<\/li>\n\n\n\n<li>\ud83d\udd04 <strong>Conditions de mise<\/strong> : Mise x5 sur des paris combin\u00e9s (min. 3 s\u00e9lections avec une cote de 1.40 ou plus).<\/li>\n\n\n\n<li>\u23f3 <strong>Validit\u00e9<\/strong> : 30 jours apr\u00e8s l\u2019activation.<\/li>\n<\/ul>\n\n\n\n<h3 class=\"wp-block-heading\">Comment l\u2019obtenir ?<\/h3>\n\n\n\n<p>1\ufe0f\u20e3 <strong>Inscrivez-vous<\/strong> sur 1xBet Alg\u00e9rie.<br>2\ufe0f\u20e3 <strong>Effectuez un d\u00e9p\u00f4t<\/strong> d\u2019au moins <strong>1 300 DZD<\/strong>.<br>3\ufe0f\u20e3 <strong>Recevez automatiquement votre bonus<\/strong> et commencez \u00e0 jouer !<\/p>\n\n\n\n<p><strong>Astuce<\/strong> : Utilisez un code promo lors de l\u2019inscription pour maximiser vos avantages !<\/p>\n\n\n\n<h2 class=\"wp-block-heading\">Conclusion<\/h2>\n\n\n\n<p>Le Code Promo 1xBet Alg\u00e9rie est une opportunit\u00e9 unique pour maximiser vos gains et profiter de bonus exclusifs sur les paris sportifs et le casino. Que ce soit pour un bonus de bienvenue, des freebets ou des promotions sp\u00e9ciales, l\u2019utilisation d\u2019un code promo vous permet de b\u00e9n\u00e9ficier d\u2019avantages suppl\u00e9mentaires et d\u2019optimiser votre exp\u00e9rience de jeu. Ne manquez pas cette chance de d\u00e9marrer avec un solde boost\u00e9 et plus d\u2019opportunit\u00e9s de paris. Inscrivez-vous d\u00e8s maintenant sur 1xBet Alg\u00e9rie, entrez votre Code Promo et profitez de toutes les offres exclusives disponibles !<\/p>\n\n\n\n<p><\/p>\n","protected":false},"excerpt":{"rendered":"<p>Code Promo 1xBet Alg\u00e9rie Profitez des meilleures offres de paris en ligne avec le Code Promo 1xBet. En utilisant ce [&hellip;]<\/p>\n","protected":false},"author":1,"featured_media":0,"parent":0,"menu_order":0,"comment_status":"closed","ping_status":"closed","template":"","meta":{"site-sidebar-layout":"default","site-content-layout":"","ast-site-content-layout":"","site-content-style":"default","site-sidebar-style":"default","ast-global-header-display":"","ast-banner-title-visibility":"","ast-main-header-display":"","ast-hfb-above-header-display":"","ast-hfb-below-header-display":"","ast-hfb-mobile-header-display":"","site-post-title":"disabled","ast-breadcrumbs-content":"","ast-featured-img":"","footer-sml-layout":"","ast-disable-related-posts":"","theme-transparent-header-meta":"","adv-header-id-meta":"","stick-header-meta":"","header-above-stick-meta":"","header-main-stick-meta":"","header-below-stick-meta":"","astra-migrate-meta-layouts":"default","ast-page-background-enabled":"default","ast-page-background-meta":{"desktop":{"background-color":"var(--ast-global-color-4)","background-image":"","background-repeat":"repeat","background-position":"center center","background-size":"auto","background-attachment":"scroll","background-type":"","background-media":"","overlay-type":"","overlay-color":"","overlay-opacity":"","overlay-gradient":""},"tablet":{"background-color":"","background-image":"","background-repeat":"repeat","background-position":"center center","background-size":"auto","background-attachment":"scroll","background-type":"","background-media":"","overlay-type":"","overlay-color":"","overlay-opacity":"","overlay-gradient":""},"mobile":{"background-color":"","background-image":"","background-repeat":"repeat","background-position":"center center","background-size":"auto","background-attachment":"scroll","background-type":"","background-media":"","overlay-type":"","overlay-color":"","overlay-opacity":"","overlay-gradient":""}},"ast-content-background-meta":{"desktop":{"background-color":"var(--ast-global-color-5)","background-image":"","background-repeat":"repeat","background-position":"center center","background-size":"auto","background-attachment":"scroll","background-type":"","background-media":"","overlay-type":"","overlay-color":"","overlay-opacity":"","overlay-gradient":""},"tablet":{"background-color":"var(--ast-global-color-5)","background-image":"","background-repeat":"repeat","background-position":"center center","background-size":"auto","background-attachment":"scroll","background-type":"","background-media":"","overlay-type":"","overlay-color":"","overlay-opacity":"","overlay-gradient":""},"mobile":{"background-color":"var(--ast-global-color-5)","background-image":"","background-repeat":"repeat","background-position":"center center","background-size":"auto","background-attachment":"scroll","background-type":"","background-media":"","overlay-type":"","overlay-color":"","overlay-opacity":"","overlay-gradient":""}},"footnotes":""},"class_list":["post-56","page","type-page","status-publish","hentry"],"yoast_head":"<!-- This site is optimized with the Yoast SEO plugin v27.2 - https:\/\/yoast.com\/product\/yoast-seo-wordpress\/ -->\n<title>Code Promo 1xBet Alg\u00e9rie<\/title>\n<meta name=\"robots\" content=\"index, follow, max-snippet:-1, max-image-preview:large, max-video-preview:-1\" \/>\n<link rel=\"canonical\" href=\"https:\/\/1xbetalgeria.com\/fr\/code-promo\/\" \/>\n<meta property=\"og:locale\" content=\"fr_FR\" \/>\n<meta property=\"og:type\" content=\"article\" \/>\n<meta property=\"og:title\" content=\"Code Promo 1xBet Alg\u00e9rie\" \/>\n<meta property=\"og:description\" content=\"Code Promo 1xBet Alg\u00e9rie Profitez des meilleures offres de paris en ligne avec le Code Promo 1xBet. En utilisant ce [&hellip;]\" \/>\n<meta property=\"og:url\" content=\"https:\/\/1xbetalgeria.com\/fr\/code-promo\/\" \/>\n<meta property=\"og:site_name\" content=\"FR\" \/>\n<meta property=\"article:modified_time\" content=\"2025-02-02T23:23:23+00:00\" \/>\n<meta name=\"twitter:card\" content=\"summary_large_image\" \/>\n<meta name=\"twitter:label1\" content=\"Est. reading time\" \/>\n\t<meta name=\"twitter:data1\" content=\"4 minutes\" \/>\n<script type=\"application\/ld+json\" class=\"yoast-schema-graph\">{\"@context\":\"https:\/\/schema.org\",\"@graph\":[{\"@type\":\"WebPage\",\"@id\":\"https:\/\/1xbetalgeria.com\/fr\/code-promo\/\",\"url\":\"https:\/\/1xbetalgeria.com\/fr\/code-promo\/\",\"name\":\"Code Promo 1xBet Alg\u00e9rie\",\"isPartOf\":{\"@id\":\"https:\/\/1xbetalgeria.com\/fr\/#website\"},\"datePublished\":\"2025-02-01T21:40:13+00:00\",\"dateModified\":\"2025-02-02T23:23:23+00:00\",\"breadcrumb\":{\"@id\":\"https:\/\/1xbetalgeria.com\/fr\/code-promo\/#breadcrumb\"},\"inLanguage\":\"fr-FR\",\"potentialAction\":[{\"@type\":\"ReadAction\",\"target\":[\"https:\/\/1xbetalgeria.com\/fr\/code-promo\/\"]}]},{\"@type\":\"BreadcrumbList\",\"@id\":\"https:\/\/1xbetalgeria.com\/fr\/code-promo\/#breadcrumb\",\"itemListElement\":[{\"@type\":\"ListItem\",\"position\":1,\"name\":\"Home\",\"item\":\"https:\/\/1xbetalgeria.com\/fr\/\"},{\"@type\":\"ListItem\",\"position\":2,\"name\":\"Code Promo\"}]},{\"@type\":\"WebSite\",\"@id\":\"https:\/\/1xbetalgeria.com\/fr\/#website\",\"url\":\"https:\/\/1xbetalgeria.com\/fr\/\",\"name\":\"FR\",\"description\":\"\",\"publisher\":{\"@id\":\"https:\/\/1xbetalgeria.com\/fr\/#organization\"},\"potentialAction\":[{\"@type\":\"SearchAction\",\"target\":{\"@type\":\"EntryPoint\",\"urlTemplate\":\"https:\/\/1xbetalgeria.com\/fr\/?s={search_term_string}\"},\"query-input\":{\"@type\":\"PropertyValueSpecification\",\"valueRequired\":true,\"valueName\":\"search_term_string\"}}],\"inLanguage\":\"fr-FR\"},{\"@type\":\"Organization\",\"@id\":\"https:\/\/1xbetalgeria.com\/fr\/#organization\",\"name\":\"FR\",\"url\":\"https:\/\/1xbetalgeria.com\/fr\/\",\"logo\":{\"@type\":\"ImageObject\",\"inLanguage\":\"fr-FR\",\"@id\":\"https:\/\/1xbetalgeria.com\/fr\/#\/schema\/logo\/image\/\",\"url\":\"https:\/\/1xbetalgeria.com\/fr\/wp-content\/uploads\/sites\/2\/2025\/01\/1xbet-logo.webp\",\"contentUrl\":\"https:\/\/1xbetalgeria.com\/fr\/wp-content\/uploads\/sites\/2\/2025\/01\/1xbet-logo.webp\",\"width\":1600,\"height\":395,\"caption\":\"FR\"},\"image\":{\"@id\":\"https:\/\/1xbetalgeria.com\/fr\/#\/schema\/logo\/image\/\"}}]}<\/script>\n<!-- \/ Yoast SEO plugin. -->","yoast_head_json":{"title":"Code Promo 1xBet Alg\u00e9rie","robots":{"index":"index","follow":"follow","max-snippet":"max-snippet:-1","max-image-preview":"max-image-preview:large","max-video-preview":"max-video-preview:-1"},"canonical":"https:\/\/1xbetalgeria.com\/fr\/code-promo\/","og_locale":"fr_FR","og_type":"article","og_title":"Code Promo 1xBet Alg\u00e9rie","og_description":"Code Promo 1xBet Alg\u00e9rie Profitez des meilleures offres de paris en ligne avec le Code Promo 1xBet. En utilisant ce [&hellip;]","og_url":"https:\/\/1xbetalgeria.com\/fr\/code-promo\/","og_site_name":"FR","article_modified_time":"2025-02-02T23:23:23+00:00","twitter_card":"summary_large_image","twitter_misc":{"Est. reading time":"4 minutes"},"schema":{"@context":"https:\/\/schema.org","@graph":[{"@type":"WebPage","@id":"https:\/\/1xbetalgeria.com\/fr\/code-promo\/","url":"https:\/\/1xbetalgeria.com\/fr\/code-promo\/","name":"Code Promo 1xBet Alg\u00e9rie","isPartOf":{"@id":"https:\/\/1xbetalgeria.com\/fr\/#website"},"datePublished":"2025-02-01T21:40:13+00:00","dateModified":"2025-02-02T23:23:23+00:00","breadcrumb":{"@id":"https:\/\/1xbetalgeria.com\/fr\/code-promo\/#breadcrumb"},"inLanguage":"fr-FR","potentialAction":[{"@type":"ReadAction","target":["https:\/\/1xbetalgeria.com\/fr\/code-promo\/"]}]},{"@type":"BreadcrumbList","@id":"https:\/\/1xbetalgeria.com\/fr\/code-promo\/#breadcrumb","itemListElement":[{"@type":"ListItem","position":1,"name":"Home","item":"https:\/\/1xbetalgeria.com\/fr\/"},{"@type":"ListItem","position":2,"name":"Code Promo"}]},{"@type":"WebSite","@id":"https:\/\/1xbetalgeria.com\/fr\/#website","url":"https:\/\/1xbetalgeria.com\/fr\/","name":"FR","description":"","publisher":{"@id":"https:\/\/1xbetalgeria.com\/fr\/#organization"},"potentialAction":[{"@type":"SearchAction","target":{"@type":"EntryPoint","urlTemplate":"https:\/\/1xbetalgeria.com\/fr\/?s={search_term_string}"},"query-input":{"@type":"PropertyValueSpecification","valueRequired":true,"valueName":"search_term_string"}}],"inLanguage":"fr-FR"},{"@type":"Organization","@id":"https:\/\/1xbetalgeria.com\/fr\/#organization","name":"FR","url":"https:\/\/1xbetalgeria.com\/fr\/","logo":{"@type":"ImageObject","inLanguage":"fr-FR","@id":"https:\/\/1xbetalgeria.com\/fr\/#\/schema\/logo\/image\/","url":"https:\/\/1xbetalgeria.com\/fr\/wp-content\/uploads\/sites\/2\/2025\/01\/1xbet-logo.webp","contentUrl":"https:\/\/1xbetalgeria.com\/fr\/wp-content\/uploads\/sites\/2\/2025\/01\/1xbet-logo.webp","width":1600,"height":395,"caption":"FR"},"image":{"@id":"https:\/\/1xbetalgeria.com\/fr\/#\/schema\/logo\/image\/"}}]}},"amp_enabled":true,"_links":{"self":[{"href":"https:\/\/1xbetalgeria.com\/fr\/wp-json\/wp\/v2\/pages\/56","targetHints":{"allow":["GET"]}}],"collection":[{"href":"https:\/\/1xbetalgeria.com\/fr\/wp-json\/wp\/v2\/pages"}],"about":[{"href":"https:\/\/1xbetalgeria.com\/fr\/wp-json\/wp\/v2\/types\/page"}],"author":[{"embeddable":true,"href":"https:\/\/1xbetalgeria.com\/fr\/wp-json\/wp\/v2\/users\/1"}],"replies":[{"embeddable":true,"href":"https:\/\/1xbetalgeria.com\/fr\/wp-json\/wp\/v2\/comments?post=56"}],"version-history":[{"count":5,"href":"https:\/\/1xbetalgeria.com\/fr\/wp-json\/wp\/v2\/pages\/56\/revisions"}],"predecessor-version":[{"id":63,"href":"https:\/\/1xbetalgeria.com\/fr\/wp-json\/wp\/v2\/pages\/56\/revisions\/63"}],"wp:attachment":[{"href":"https:\/\/1xbetalgeria.com\/fr\/wp-json\/wp\/v2\/media?parent=56"}],"curies":[{"name":"wp","href":"https:\/\/api.w.org\/{rel}","templated":true}]}}