{"id":10,"date":"2025-01-25T12:13:24","date_gmt":"2025-01-25T12:13:24","guid":{"rendered":"https:\/\/1xbetalgeria.com\/fr\/?page_id=10"},"modified":"2025-04-16T16:38:42","modified_gmt":"2025-04-16T16:38:42","slug":"home","status":"publish","type":"page","link":"https:\/\/1xbetalgeria.com\/fr\/","title":{"rendered":"Home"},"content":{"rendered":"\n<div class=\"wp-block-columns alignfull has-ast-global-color-5-color has-text-color has-background is-layout-flex wp-container-core-columns-is-layout-28f84493 wp-block-columns-is-layout-flex\" style=\"background-color:#00304b\">\n<div class=\"wp-block-column is-layout-flow wp-block-column-is-layout-flow\">\n<h1 class=\"wp-block-heading has-text-align-center has-ast-global-color-5-color has-text-color\"><strong>1xBet Alg\u00e9rie<\/strong><\/h1>\n\n\n\n<p class=\"has-text-align-center has-ast-global-color-5-color has-text-color\">Plongez dans l\u2019univers excitant de 1xBet Alg\u00e9rie, le casino en ligne incontournable pour tous les amateurs de jeux et de paris. Avec une immense s\u00e9lection de machines \u00e0 sous, des jeux de table captivants et un casino en direct anim\u00e9 par de vrais croupiers, l\u2019exp\u00e9rience est garantie \u00e0 100 % immersive ! Profitez de bonus g\u00e9n\u00e9reux, de promotions exclusives et de nombreuses options de paiement adapt\u00e9es aux joueurs alg\u00e9riens. Que vous jouiez depuis un ordinateur ou via notre application mobile, 1xBet vous offre une plateforme fluide, s\u00e9curis\u00e9e et remplie de surprises pour maximiser vos gains. Rejoignez d\u00e8s maintenant et d\u00e9couvrez tout ce que 1xBet Alg\u00e9rie a \u00e0 offrir !<\/p>\n\n\n\n<div class=\"wp-block-columns is-layout-flex wp-container-core-columns-is-layout-28f84493 wp-block-columns-is-layout-flex\">\n<div class=\"wp-block-column is-layout-flow wp-block-column-is-layout-flow\">\n<\/div>\n<\/div>\n<\/div>\n<\/div>\n\n\n\n<p><\/p>\n\n\n\n<p>Vous cherchez une plateforme fiable pour parier en ligne en Alg\u00e9rie ? 1xBet Alg\u00e9rie est l\u2019un des meilleurs bookmakers offrant une large gamme de paris sportifs et de jeux de casino. Que vous soyez un amateur de football, de basketball ou de jeux en direct, 1xBet vous propose des cotes comp\u00e9titives et des promotions attractives. Profitez d\u2019une inscription rapide et s\u00e9curis\u00e9e gr\u00e2ce \u00e0 1xBet inscription, et commencez \u00e0 parier en quelques minutes ! Pour plus de confort, n\u2019oubliez pas de t\u00e9l\u00e9charger 1xBet sur votre smartphone et acc\u00e9dez \u00e0 vos paris partout, \u00e0 tout moment.<\/p>\n\n\n\n<figure class=\"wp-block-image aligncenter size-full\"><img loading=\"lazy\" decoding=\"async\" width=\"1792\" height=\"1024\" src=\"https:\/\/1xbetalgeria.com\/fr\/wp-content\/uploads\/sites\/2\/2025\/01\/1xBet-Algerie.webp\" alt=\"1xBet Alg\u00e9rie\" class=\"wp-image-29\" srcset=\"https:\/\/1xbetalgeria.com\/fr\/wp-content\/uploads\/sites\/2\/2025\/01\/1xBet-Algerie.webp 1792w, https:\/\/1xbetalgeria.com\/fr\/wp-content\/uploads\/sites\/2\/2025\/01\/1xBet-Algerie-300x171.webp 300w, https:\/\/1xbetalgeria.com\/fr\/wp-content\/uploads\/sites\/2\/2025\/01\/1xBet-Algerie-1024x585.webp 1024w, https:\/\/1xbetalgeria.com\/fr\/wp-content\/uploads\/sites\/2\/2025\/01\/1xBet-Algerie-768x439.webp 768w, https:\/\/1xbetalgeria.com\/fr\/wp-content\/uploads\/sites\/2\/2025\/01\/1xBet-Algerie-1536x878.webp 1536w\" sizes=\"auto, (max-width: 1792px) 100vw, 1792px\" \/><\/figure>\n\n\n\n<h2 class=\"wp-block-heading\">\u00c0 Propos de 1xBet Alg\u00e9rie<\/h2>\n\n\n\n<p>1xBet Alg\u00e9rie est l\u2019une des plateformes de paris sportifs et de jeux de casino en ligne les plus populaires aupr\u00e8s des parieurs alg\u00e9riens. Gr\u00e2ce \u00e0 son interface moderne et conviviale, le site propose une large gamme de sports (football, basketball, tennis, e-sport, etc.) ainsi qu\u2019un vaste catalogue de jeux de casino (machines \u00e0 sous, poker, roulette en direct\u2026). Les utilisateurs peuvent ainsi profiter d\u2019une exp\u00e9rience de jeu compl\u00e8te et s\u00e9curis\u00e9e, adapt\u00e9e aux pr\u00e9f\u00e9rences locales.<\/p>\n\n\n\n<p>Points forts de 1xBet Alg\u00e9rie :<\/p>\n\n\n\n<ol class=\"wp-block-list\">\n<li>Inscription rapide : La proc\u00e9dure d\u20191xbet inscription est simple et claire. En quelques minutes, vous pouvez cr\u00e9er votre compte et commencer \u00e0 parier.<\/li>\n\n\n\n<li>Bonus attractifs : 1xBet offre r\u00e9guli\u00e8rement des promotions int\u00e9ressantes aux nouveaux inscrits et aux joueurs fid\u00e8les.<\/li>\n\n\n\n<li>Application mobile pratique : Avec l\u2019option de t\u00e9l\u00e9charger 1xBet pour Android ou iOS, vous avez la possibilit\u00e9 de placer vos paris \u00e0 tout moment, o\u00f9 que vous soyez.<\/li>\n\n\n\n<li>Moyens de paiement diversifi\u00e9s : Le site met \u00e0 disposition plusieurs m\u00e9thodes de d\u00e9p\u00f4t et de retrait adapt\u00e9es au march\u00e9 alg\u00e9rien, assurant ainsi des transactions rapides et s\u00e9curis\u00e9es.<\/li>\n\n\n\n<li>Support client professionnel : En cas de probl\u00e8me ou de question, le service client de 1xBet Alg\u00e9rie est disponible pour aider les utilisateurs via plusieurs canaux de communication (chat en direct, e-mail, t\u00e9l\u00e9phone).<\/li>\n<\/ol>\n\n\n\n<p>En plus de la section paris sportifs, 1xBet Alg\u00e9rie propose un espace casino en ligne tr\u00e8s riche, avec des jeux de table vari\u00e9s et des machines \u00e0 sous de diff\u00e9rents \u00e9diteurs reconnus. Vous y trouverez \u00e9galement des \u00e9v\u00e9nements sportifs en streaming, vous permettant de suivre vos \u00e9quipes pr\u00e9f\u00e9r\u00e9es et d\u2019ajuster vos paris en direct.<\/p>\n\n\n\n<figure class=\"wp-block-table\"><table class=\"has-fixed-layout\"><tbody><tr><td><strong>Attribut<\/strong><\/td><td><strong>D\u00e9tails<\/strong><\/td><\/tr><tr><td><strong>Gestion<\/strong><\/td><td>1XCorp N.V.<\/td><\/tr><tr><td><strong>Licence<\/strong><\/td><td>Licence de Cura\u00e7ao No 1668\/JAZ<\/td><\/tr><tr><td><strong>Langues<\/strong><\/td><td>Fran\u00e7ais, Anglais, Espagnol, Allemand, Portugais, et autres<\/td><\/tr><tr><td><strong>\u00c9v\u00e9nements Quotidiens<\/strong><\/td><td>Plus de 1\u202f000 \u00e9v\u00e9nements chaque jour<\/td><\/tr><tr><td><strong>Bonus d\u2019inscription<\/strong><\/td><td>Bonus de 120\u202f% jusqu\u2019\u00e0 47\u202f115\u202fDZD sur le premier d\u00e9p\u00f4t<\/td><\/tr><tr><td><strong>Applications Mobiles<\/strong><\/td><td>Disponibles pour Android, iOS et PC (Windows)<\/td><\/tr><tr><td><strong>D\u00e9p\u00f4t Minimum<\/strong><\/td><td>1\u202f300\u202fDZD<\/td><\/tr><tr><td><strong>Retrait Minimum<\/strong><\/td><td>225\u202fDZD<\/td><\/tr><tr><td><strong>Support Client<\/strong><\/td><td>Service 24h\/24 et 7j\/7 via chat en direct, e-mail et t\u00e9l\u00e9phone<\/td><\/tr><\/tbody><\/table><\/figure>\n\n\n\n<h2 class=\"wp-block-heading\">1xBet Inscription<\/h2>\n\n\n\n<p>S\u2019inscrire sur 1xBet Alg\u00e9rie ne prend que quelques instants, vous permettant de rejoindre en toute simplicit\u00e9 l\u2019une des plateformes de paris en ligne les plus reconnues. Vous pouvez choisir la m\u00e9thode qui vous convient le mieux : l\u2019inscription via votre num\u00e9ro de t\u00e9l\u00e9phone pour un acc\u00e8s imm\u00e9diat, ou l\u2019option e-mail pour une flexibilit\u00e9 suppl\u00e9mentaire. Chacune de ces approches garantit un environnement de connexion s\u00fbr et confidentiel. Une fois vos informations valid\u00e9es, vous acc\u00e9derez \u00e0 un large \u00e9ventail de paris sportifs, de jeux de casino 1xBet et bien d\u2019autres fonctionnalit\u00e9s passionnantes.<\/p>\n\n\n\n<h2 class=\"wp-block-heading\">Bonus 1xBet pour les Alg\u00e9riens<\/h2>\n\n\n\n<p>Chez 1xBet Alg\u00e9rie, les joueurs alg\u00e9riens b\u00e9n\u00e9ficient de bonus et promotions con\u00e7us pour maximiser leurs gains et leur offrir une exp\u00e9rience de jeu encore plus gratifiante. Qu\u2019il s\u2019agisse d\u2019une offre de bienvenue g\u00e9n\u00e9reuse, de bonus de premier d\u00e9p\u00f4t ou de r\u00e9compenses sp\u00e9ciales li\u00e9es aux grands \u00e9v\u00e9nements sportifs, 1xBet propose r\u00e9guli\u00e8rement des campagnes promotionnelles adapt\u00e9es aux besoins et pr\u00e9f\u00e9rences des parieurs en Alg\u00e9rie.<\/p>\n\n\n\n<ul class=\"wp-block-list\">\n<li>Bonus de Bienvenue : Lors de votre inscription, profitez d\u2019un bonus de premier d\u00e9p\u00f4t pour bien d\u00e9marrer votre aventure.<\/li>\n\n\n\n<li>Promotions R\u00e9guli\u00e8res : Tout au long de l\u2019ann\u00e9e, 1xBet met en place des bonus hebdomadaires, mensuels ou li\u00e9s \u00e0 des comp\u00e9titions sportives pr\u00e9cises (football, basketball, tennis, etc.).<\/li>\n\n\n\n<li>Programmes de Fid\u00e9lit\u00e9 : Plus vous pariez sur 1xBet, plus vous cumulez de points que vous pourrez \u00e9changer contre des avantages suppl\u00e9mentaires.<\/li>\n\n\n\n<li>Cashback et Paris Gratuits : Parfois, en cas de paris multiples ou de participation \u00e0 certaines offres, vous pouvez recevoir des freebets ou r\u00e9cup\u00e9rer un pourcentage de vos mises.<\/li>\n<\/ul>\n\n\n\n<p>Avec ces bonus 1xBet d\u00e9di\u00e9s au public alg\u00e9rien, vous b\u00e9n\u00e9ficiez d\u2019un soutien pr\u00e9cieux pour augmenter vos chances de gain et prolonger votre plaisir de jeu. N\u2019h\u00e9sitez pas \u00e0 consulter r\u00e9guli\u00e8rement la rubrique \u00ab Promotions \u00bb du site ou de l\u2019application afin de ne manquer aucune nouveaut\u00e9.<\/p>\n\n\n\n<h2 class=\"wp-block-heading\">Casino 1xBet<\/h2>\n\n\n\n<p>Le Casino 1xBet vous ouvre les portes d\u2019une ludoth\u00e8que riche et vari\u00e9e, pens\u00e9e pour combler les envies de tous les joueurs. Que vous soyez fan de machines \u00e0 sous innovantes ou amateur de jeux de table intemporels, la plateforme 1xBet Alg\u00e9rie met \u00e0 votre disposition tout ce dont vous avez besoin pour vivre des moments de divertissement inoubliables. Ses jeux, d\u00e9velopp\u00e9s par les fournisseurs les plus r\u00e9put\u00e9s, vous assurent une exp\u00e9rience fluide et des graphismes d\u2019excellente qualit\u00e9.<\/p>\n\n\n\n<p>Outre les incontournables blackjack, roulette et baccara, nous \u00e9toffons r\u00e9guli\u00e8rement notre catalogue en y ajoutant de nouvelles sorties afin de garder une offre toujours captivante. Sur 1xBet dz, vous pourrez par ailleurs profiter de promotions et de bonus sp\u00e9cialement con\u00e7us pour maximiser vos gains, avec des r\u00e9compenses attrayantes destin\u00e9es \u00e0 satisfaire aussi bien les joueurs d\u00e9butants que les plus exp\u00e9riment\u00e9s. Rejoignez-nous d\u00e8s maintenant pour profiter du meilleur du casino en ligne en Alg\u00e9rie\u202f!<\/p>\n\n\n\n<h3 class=\"wp-block-heading\">Aviator 1xBet<\/h3>\n\n\n\n<p>Aviator 1xBet est un jeu innovant et palpitant qui offre aux joueurs une exp\u00e9rience unique de paris en ligne. Contrairement aux jeux de casino classiques, Aviator repose sur un concept de crash game, o\u00f9 l\u2019objectif est de placer un pari et retirer ses gains avant que l\u2019avion ne s\u2019envole. Plus vous attendez, plus le multiplicateur augmente\u2026 mais attention, si vous tardez trop, vous risquez de tout perdre !<\/p>\n\n\n\n<p>Ce jeu s\u00e9duit par sa simplicit\u00e9 et son adr\u00e9naline pure, offrant aux joueurs la possibilit\u00e9 de tester leur r\u00e9activit\u00e9 et leur strat\u00e9gie. Avec 1xBet Aviator, vous b\u00e9n\u00e9ficiez de multiplicateurs \u00e9lev\u00e9s, d\u2019une interface fluide et intuitive, ainsi que de la possibilit\u00e9 de jouer en direct avec d\u2019autres joueurs.<\/p>\n\n\n\n<p>Disponible sur 1xBet mobile et desktop, Aviator est accessible en quelques clics et propose des retraits instantan\u00e9s, garantissant une exp\u00e9rience fluide et rapide. Pr\u00eat \u00e0 d\u00e9fier les airs et \u00e0 maximiser vos gains ? Rejoignez Aviator 1xBet d\u00e8s maintenant et tentez votre chance !<\/p>\n\n\n\n<h2 class=\"wp-block-heading\">Pari Sportif 1xBet<\/h2>\n\n\n\n<p>Avec 1xBet, vivez une exp\u00e9rience de paris sportifs palpitante, couvrant un large \u00e9ventail de disciplines et de comp\u00e9titions partout dans le monde. Con\u00e7ue pour tous les niveaux de parieurs, notre plateforme propose des cotes tr\u00e8s comp\u00e9titives, de multiples options de mise, ainsi que des statistiques d\u00e9taill\u00e9es pour guider vos pronostics. Que vous soyez passionn\u00e9 par le football, le tennis, le basketball, les eSports ou que vous aimiez l\u2019adr\u00e9naline du direct, 1xBet r\u00e9pondra \u00e0 toutes vos attentes.<\/p>\n\n\n\n<p>Nous veillons \u00e0 offrir un environnement de jeu s\u00fbr et \u00e9quitable, tout en introduisant des fonctionnalit\u00e9s innovantes telles que le cash out, le pari combin\u00e9 et des bonus pens\u00e9s pour maximiser vos gains. Gr\u00e2ce \u00e0 1xBet, vous pouvez soutenir vos \u00e9quipes et joueurs favoris en pariant sur des r\u00e9sultats pr\u00e9cis, des scores exacts, des handicaps et bien plus encore, le tout depuis chez vous ou en d\u00e9placement via notre application mobile.<\/p>\n\n\n\n<h2 class=\"wp-block-heading\">Application 1xBet<\/h2>\n\n\n\n<p>L\u2019application 1xBet a \u00e9t\u00e9 pens\u00e9e pour offrir aux parieurs une exp\u00e9rience mobile \u00e0 la fois pratique et fluide, permettant de placer des paris sportifs ou d\u2019acc\u00e9der aux jeux de casino depuis n\u2019importe o\u00f9 et \u00e0 tout moment. Gr\u00e2ce \u00e0 son interface intuitive, vous pouvez naviguer rapidement entre les diff\u00e9rentes cat\u00e9gories et profiter de fonctionnalit\u00e9s avanc\u00e9es, telles que le streaming en direct pour suivre vos matchs pr\u00e9f\u00e9r\u00e9s en temps r\u00e9el, ou encore le casino en direct avec de vrais croupiers pour une immersion totale. L\u2019application, disponible sur Android et iOS, propose un large \u00e9ventail de m\u00e9thodes de d\u00e9p\u00f4t et de retrait adapt\u00e9es aux utilisateurs en Alg\u00e9rie, tout en garantissant une s\u00e9curit\u00e9 optimale gr\u00e2ce \u00e0 des protocoles de cryptage de pointe. En plus de notifications personnalis\u00e9es vous tenant inform\u00e9 des promotions et des r\u00e9sultats de vos paris, l\u2019assistance client 24h\/24 et 7j\/7 est accessible directement depuis l\u2019application pour r\u00e9pondre \u00e0 toutes vos questions.<\/p>\n\n\n\n<h2 class=\"wp-block-heading\">Modes de Paiement<\/h2>\n\n\n\n<p>Chez 1xBet, les joueurs alg\u00e9riens ont acc\u00e8s \u00e0 un large \u00e9ventail de m\u00e9thodes de paiement, rendant les d\u00e9p\u00f4ts et les retraits aussi simples que s\u00e9curis\u00e9s. Les cartes bancaires telles que Visa et MasterCard sont accept\u00e9es, tout comme diverses solutions de paiement \u00e9lectroniques (AstroPay, Skrill, Neteller, WebMoney, etc.). Les amateurs de cryptomonnaies peuvent \u00e9galement d\u00e9poser et retirer en Bitcoin, Ethereum, Litecoin ou d\u2019autres monnaies num\u00e9riques.<\/p>\n\n\n\n<p>En plus d\u2019une compatibilit\u00e9 avec le Dinar alg\u00e9rien (DZD), 1xBet propose des d\u00e9lais de traitement rapides pour la majorit\u00e9 des transactions et applique des protocoles de s\u00e9curit\u00e9 de pointe pour assurer la confidentialit\u00e9 de vos donn\u00e9es financi\u00e8res. Cette vari\u00e9t\u00e9 de modes de paiement permet \u00e0 chaque joueur de trouver une solution adapt\u00e9e \u00e0 ses besoins et de miser en toute tranquillit\u00e9.<\/p>\n\n\n\n<h2 class=\"wp-block-heading\">Support<\/h2>\n\n\n\n<p>Le service de support 1xBet met tout en \u0153uvre pour assurer une assistance rapide et efficace \u00e0 ses utilisateurs. Disponible 24h\/24 et 7j\/7, l\u2019\u00e9quipe r\u00e9pond \u00e0 toutes vos questions et vous aide \u00e0 r\u00e9soudre les \u00e9ventuels probl\u00e8mes que vous pourriez rencontrer, qu\u2019il s\u2019agisse de paris sportifs, de transactions ou de fonctionnalit\u00e9s li\u00e9es au casino. Vous pouvez contacter le support via plusieurs canaux, notamment le chat en direct pour des r\u00e9ponses imm\u00e9diates, l\u2019e-mail pour les demandes plus d\u00e9taill\u00e9es et le t\u00e9l\u00e9phone pour un \u00e9change direct. L\u2019objectif principal de 1xBet est de fournir une exp\u00e9rience client de qualit\u00e9, en veillant \u00e0 ce que chaque joueur b\u00e9n\u00e9ficie d\u2019un accompagnement personnalis\u00e9 et r\u00e9actif.<\/p>\n\n\n\n<p><\/p>\n","protected":false},"excerpt":{"rendered":"<p>1xBet Alg\u00e9rie Plongez dans l\u2019univers excitant de 1xBet Alg\u00e9rie, le casino en ligne incontournable pour tous les amateurs de jeux [&hellip;]<\/p>\n","protected":false},"author":1,"featured_media":0,"parent":0,"menu_order":0,"comment_status":"closed","ping_status":"closed","template":"","meta":{"site-sidebar-layout":"default","site-content-layout":"","ast-site-content-layout":"","site-content-style":"default","site-sidebar-style":"default","ast-global-header-display":"","ast-banner-title-visibility":"","ast-main-header-display":"","ast-hfb-above-header-display":"","ast-hfb-below-header-display":"","ast-hfb-mobile-header-display":"","site-post-title":"disabled","ast-breadcrumbs-content":"","ast-featured-img":"","footer-sml-layout":"","ast-disable-related-posts":"","theme-transparent-header-meta":"","adv-header-id-meta":"","stick-header-meta":"","header-above-stick-meta":"","header-main-stick-meta":"","header-below-stick-meta":"","astra-migrate-meta-layouts":"default","ast-page-background-enabled":"default","ast-page-background-meta":{"desktop":{"background-color":"var(--ast-global-color-4)","background-image":"","background-repeat":"repeat","background-position":"center center","background-size":"auto","background-attachment":"scroll","background-type":"","background-media":"","overlay-type":"","overlay-color":"","overlay-opacity":"","overlay-gradient":""},"tablet":{"background-color":"","background-image":"","background-repeat":"repeat","background-position":"center center","background-size":"auto","background-attachment":"scroll","background-type":"","background-media":"","overlay-type":"","overlay-color":"","overlay-opacity":"","overlay-gradient":""},"mobile":{"background-color":"","background-image":"","background-repeat":"repeat","background-position":"center center","background-size":"auto","background-attachment":"scroll","background-type":"","background-media":"","overlay-type":"","overlay-color":"","overlay-opacity":"","overlay-gradient":""}},"ast-content-background-meta":{"desktop":{"background-color":"var(--ast-global-color-5)","background-image":"","background-repeat":"repeat","background-position":"center center","background-size":"auto","background-attachment":"scroll","background-type":"","background-media":"","overlay-type":"","overlay-color":"","overlay-opacity":"","overlay-gradient":""},"tablet":{"background-color":"var(--ast-global-color-5)","background-image":"","background-repeat":"repeat","background-position":"center center","background-size":"auto","background-attachment":"scroll","background-type":"","background-media":"","overlay-type":"","overlay-color":"","overlay-opacity":"","overlay-gradient":""},"mobile":{"background-color":"var(--ast-global-color-5)","background-image":"","background-repeat":"repeat","background-position":"center center","background-size":"auto","background-attachment":"scroll","background-type":"","background-media":"","overlay-type":"","overlay-color":"","overlay-opacity":"","overlay-gradient":""}},"footnotes":""},"class_list":["post-10","page","type-page","status-publish","hentry"],"yoast_head":"<!-- This site is optimized with the Yoast SEO plugin v27.2 - https:\/\/yoast.com\/product\/yoast-seo-wordpress\/ -->\n<title>1xBet Alg\u00e9rie Casino en Ligne<\/title>\n<meta name=\"robots\" content=\"index, follow, max-snippet:-1, max-image-preview:large, max-video-preview:-1\" \/>\n<link rel=\"canonical\" href=\"https:\/\/1xbetalgeria.com\/fr\/\" \/>\n<meta property=\"og:locale\" content=\"fr_FR\" \/>\n<meta property=\"og:type\" content=\"article\" \/>\n<meta property=\"og:title\" content=\"1xBet Alg\u00e9rie Casino en Ligne\" \/>\n<meta property=\"og:description\" content=\"1xBet Alg\u00e9rie Plongez dans l\u2019univers excitant de 1xBet Alg\u00e9rie, le casino en ligne incontournable pour tous les amateurs de jeux [&hellip;]\" \/>\n<meta property=\"og:url\" content=\"https:\/\/1xbetalgeria.com\/fr\/\" \/>\n<meta property=\"og:site_name\" content=\"FR\" \/>\n<meta property=\"article:modified_time\" content=\"2025-04-16T16:38:42+00:00\" \/>\n<meta property=\"og:image\" content=\"https:\/\/1xbetalgeria.com\/fr\/wp-content\/uploads\/sites\/2\/2025\/01\/1xBet-Algerie.webp\" \/>\n<meta name=\"twitter:card\" content=\"summary_large_image\" \/>\n<meta name=\"twitter:label1\" content=\"Est. reading time\" \/>\n\t<meta name=\"twitter:data1\" content=\"9 minutes\" \/>\n<script type=\"application\/ld+json\" class=\"yoast-schema-graph\">{\"@context\":\"https:\/\/schema.org\",\"@graph\":[{\"@type\":\"WebPage\",\"@id\":\"https:\/\/1xbetalgeria.com\/fr\/\",\"url\":\"https:\/\/1xbetalgeria.com\/fr\/\",\"name\":\"1xBet Alg\u00e9rie Casino en Ligne\",\"isPartOf\":{\"@id\":\"https:\/\/1xbetalgeria.com\/fr\/#website\"},\"primaryImageOfPage\":{\"@id\":\"https:\/\/1xbetalgeria.com\/fr\/#primaryimage\"},\"image\":{\"@id\":\"https:\/\/1xbetalgeria.com\/fr\/#primaryimage\"},\"thumbnailUrl\":\"https:\/\/1xbetalgeria.com\/fr\/wp-content\/uploads\/sites\/2\/2025\/01\/1xBet-Algerie.webp\",\"datePublished\":\"2025-01-25T12:13:24+00:00\",\"dateModified\":\"2025-04-16T16:38:42+00:00\",\"breadcrumb\":{\"@id\":\"https:\/\/1xbetalgeria.com\/fr\/#breadcrumb\"},\"inLanguage\":\"fr-FR\",\"potentialAction\":[{\"@type\":\"ReadAction\",\"target\":[\"https:\/\/1xbetalgeria.com\/fr\/\"]}]},{\"@type\":\"ImageObject\",\"inLanguage\":\"fr-FR\",\"@id\":\"https:\/\/1xbetalgeria.com\/fr\/#primaryimage\",\"url\":\"https:\/\/1xbetalgeria.com\/fr\/wp-content\/uploads\/sites\/2\/2025\/01\/1xBet-Algerie.webp\",\"contentUrl\":\"https:\/\/1xbetalgeria.com\/fr\/wp-content\/uploads\/sites\/2\/2025\/01\/1xBet-Algerie.webp\",\"width\":1792,\"height\":1024},{\"@type\":\"BreadcrumbList\",\"@id\":\"https:\/\/1xbetalgeria.com\/fr\/#breadcrumb\",\"itemListElement\":[{\"@type\":\"ListItem\",\"position\":1,\"name\":\"Home\",\"item\":\"https:\/\/1xbetalgeria.com\/fr\/\"},{\"@type\":\"ListItem\",\"position\":2,\"name\":\"Home\"}]},{\"@type\":\"WebSite\",\"@id\":\"https:\/\/1xbetalgeria.com\/fr\/#website\",\"url\":\"https:\/\/1xbetalgeria.com\/fr\/\",\"name\":\"FR\",\"description\":\"\",\"publisher\":{\"@id\":\"https:\/\/1xbetalgeria.com\/fr\/#organization\"},\"potentialAction\":[{\"@type\":\"SearchAction\",\"target\":{\"@type\":\"EntryPoint\",\"urlTemplate\":\"https:\/\/1xbetalgeria.com\/fr\/?s={search_term_string}\"},\"query-input\":{\"@type\":\"PropertyValueSpecification\",\"valueRequired\":true,\"valueName\":\"search_term_string\"}}],\"inLanguage\":\"fr-FR\"},{\"@type\":\"Organization\",\"@id\":\"https:\/\/1xbetalgeria.com\/fr\/#organization\",\"name\":\"FR\",\"url\":\"https:\/\/1xbetalgeria.com\/fr\/\",\"logo\":{\"@type\":\"ImageObject\",\"inLanguage\":\"fr-FR\",\"@id\":\"https:\/\/1xbetalgeria.com\/fr\/#\/schema\/logo\/image\/\",\"url\":\"https:\/\/1xbetalgeria.com\/fr\/wp-content\/uploads\/sites\/2\/2025\/01\/1xbet-logo.webp\",\"contentUrl\":\"https:\/\/1xbetalgeria.com\/fr\/wp-content\/uploads\/sites\/2\/2025\/01\/1xbet-logo.webp\",\"width\":1600,\"height\":395,\"caption\":\"FR\"},\"image\":{\"@id\":\"https:\/\/1xbetalgeria.com\/fr\/#\/schema\/logo\/image\/\"}}]}<\/script>\n<!-- \/ Yoast SEO plugin. -->","yoast_head_json":{"title":"1xBet Alg\u00e9rie Casino en Ligne","robots":{"index":"index","follow":"follow","max-snippet":"max-snippet:-1","max-image-preview":"max-image-preview:large","max-video-preview":"max-video-preview:-1"},"canonical":"https:\/\/1xbetalgeria.com\/fr\/","og_locale":"fr_FR","og_type":"article","og_title":"1xBet Alg\u00e9rie Casino en Ligne","og_description":"1xBet Alg\u00e9rie Plongez dans l\u2019univers excitant de 1xBet Alg\u00e9rie, le casino en ligne incontournable pour tous les amateurs de jeux [&hellip;]","og_url":"https:\/\/1xbetalgeria.com\/fr\/","og_site_name":"FR","article_modified_time":"2025-04-16T16:38:42+00:00","og_image":[{"url":"https:\/\/1xbetalgeria.com\/fr\/wp-content\/uploads\/sites\/2\/2025\/01\/1xBet-Algerie.webp","type":"","width":"","height":""}],"twitter_card":"summary_large_image","twitter_misc":{"Est. reading time":"9 minutes"},"schema":{"@context":"https:\/\/schema.org","@graph":[{"@type":"WebPage","@id":"https:\/\/1xbetalgeria.com\/fr\/","url":"https:\/\/1xbetalgeria.com\/fr\/","name":"1xBet Alg\u00e9rie Casino en Ligne","isPartOf":{"@id":"https:\/\/1xbetalgeria.com\/fr\/#website"},"primaryImageOfPage":{"@id":"https:\/\/1xbetalgeria.com\/fr\/#primaryimage"},"image":{"@id":"https:\/\/1xbetalgeria.com\/fr\/#primaryimage"},"thumbnailUrl":"https:\/\/1xbetalgeria.com\/fr\/wp-content\/uploads\/sites\/2\/2025\/01\/1xBet-Algerie.webp","datePublished":"2025-01-25T12:13:24+00:00","dateModified":"2025-04-16T16:38:42+00:00","breadcrumb":{"@id":"https:\/\/1xbetalgeria.com\/fr\/#breadcrumb"},"inLanguage":"fr-FR","potentialAction":[{"@type":"ReadAction","target":["https:\/\/1xbetalgeria.com\/fr\/"]}]},{"@type":"ImageObject","inLanguage":"fr-FR","@id":"https:\/\/1xbetalgeria.com\/fr\/#primaryimage","url":"https:\/\/1xbetalgeria.com\/fr\/wp-content\/uploads\/sites\/2\/2025\/01\/1xBet-Algerie.webp","contentUrl":"https:\/\/1xbetalgeria.com\/fr\/wp-content\/uploads\/sites\/2\/2025\/01\/1xBet-Algerie.webp","width":1792,"height":1024},{"@type":"BreadcrumbList","@id":"https:\/\/1xbetalgeria.com\/fr\/#breadcrumb","itemListElement":[{"@type":"ListItem","position":1,"name":"Home","item":"https:\/\/1xbetalgeria.com\/fr\/"},{"@type":"ListItem","position":2,"name":"Home"}]},{"@type":"WebSite","@id":"https:\/\/1xbetalgeria.com\/fr\/#website","url":"https:\/\/1xbetalgeria.com\/fr\/","name":"FR","description":"","publisher":{"@id":"https:\/\/1xbetalgeria.com\/fr\/#organization"},"potentialAction":[{"@type":"SearchAction","target":{"@type":"EntryPoint","urlTemplate":"https:\/\/1xbetalgeria.com\/fr\/?s={search_term_string}"},"query-input":{"@type":"PropertyValueSpecification","valueRequired":true,"valueName":"search_term_string"}}],"inLanguage":"fr-FR"},{"@type":"Organization","@id":"https:\/\/1xbetalgeria.com\/fr\/#organization","name":"FR","url":"https:\/\/1xbetalgeria.com\/fr\/","logo":{"@type":"ImageObject","inLanguage":"fr-FR","@id":"https:\/\/1xbetalgeria.com\/fr\/#\/schema\/logo\/image\/","url":"https:\/\/1xbetalgeria.com\/fr\/wp-content\/uploads\/sites\/2\/2025\/01\/1xbet-logo.webp","contentUrl":"https:\/\/1xbetalgeria.com\/fr\/wp-content\/uploads\/sites\/2\/2025\/01\/1xbet-logo.webp","width":1600,"height":395,"caption":"FR"},"image":{"@id":"https:\/\/1xbetalgeria.com\/fr\/#\/schema\/logo\/image\/"}}]}},"amp_enabled":false,"_links":{"self":[{"href":"https:\/\/1xbetalgeria.com\/fr\/wp-json\/wp\/v2\/pages\/10","targetHints":{"allow":["GET"]}}],"collection":[{"href":"https:\/\/1xbetalgeria.com\/fr\/wp-json\/wp\/v2\/pages"}],"about":[{"href":"https:\/\/1xbetalgeria.com\/fr\/wp-json\/wp\/v2\/types\/page"}],"author":[{"embeddable":true,"href":"https:\/\/1xbetalgeria.com\/fr\/wp-json\/wp\/v2\/users\/1"}],"replies":[{"embeddable":true,"href":"https:\/\/1xbetalgeria.com\/fr\/wp-json\/wp\/v2\/comments?post=10"}],"version-history":[{"count":11,"href":"https:\/\/1xbetalgeria.com\/fr\/wp-json\/wp\/v2\/pages\/10\/revisions"}],"predecessor-version":[{"id":86,"href":"https:\/\/1xbetalgeria.com\/fr\/wp-json\/wp\/v2\/pages\/10\/revisions\/86"}],"wp:attachment":[{"href":"https:\/\/1xbetalgeria.com\/fr\/wp-json\/wp\/v2\/media?parent=10"}],"curies":[{"name":"wp","href":"https:\/\/api.w.org\/{rel}","templated":true}]}}